{"id":580,"date":"2024-10-14T06:49:44","date_gmt":"2024-10-14T06:49:44","guid":{"rendered":"http:\/\/lyatoshynskytrio.com.w01326d2.kasserver.com\/?page_id=580"},"modified":"2024-11-05T08:54:26","modified_gmt":"2024-11-05T08:54:26","slug":"impressum","status":"publish","type":"page","link":"https:\/\/lyatoshynskytrio.com\/en\/impressum\/","title":{"rendered":"Impressum"},"content":{"rendered":"<div id='av_section_1'  class='avia-section av-gm9fp-447e414704c6c8dd1fee56693ab8cc8f main_color avia-section-default avia-no-border-styling  avia-builder-el-0  el_before_av_textblock  avia-builder-el-first  avia-bg-style-scroll container_wrap fullsize'  ><div class='container av-section-cont-open' ><main  role=\"main\" itemprop=\"mainContentOfPage\"  class='template-page content  av-content-full alpha units'><div class='post-entry post-entry-type-page post-entry-580'><div class='entry-content-wrapper clearfix'><\/div><\/div><\/main><!-- close content main element --><\/div><\/div><div id='after_section_1'  class='main_color av_default_container_wrap container_wrap fullsize'  ><div class='container av-section-cont-open' ><div class='template-page content  av-content-full alpha units'><div class='post-entry post-entry-type-page post-entry-580'><div class='entry-content-wrapper clearfix'>\n<section  class='av_textblock_section av-8onst-326c2437312025a11f03c4cb82baff84 '   itemscope=\"itemscope\" itemtype=\"https:\/\/schema.org\/CreativeWork\" ><div class='avia_textblock'  itemprop=\"text\" ><h6>Impressum<\/h6>\n<p>Lyatoshynsky Trio<\/p>\n<p>C\/o Mag. Julia Ostroverkhova<\/p>\n<p>Artist Manager<\/p>\n<p>Bonygasse 68 \/ 12 | 1120 Vienna | Austria<\/p>\n<p><u>contact@lyatoshynskytrio.com<\/u><\/p>\n<p><u>\u200b<\/u><\/p>\n<p>Fotos: Anita W\u0105sik<\/p>\n<p>\u200b<\/p>\n<p><strong>Webdesign<\/strong><br \/>Julia Ostroverkhova<\/p>\n<p>\u200b<\/p>\n<p><strong>Rechtliches\/Haftungsausschluss<\/strong><\/p>\n<ol>\n<li>Haftung f\u00fcr Inhalte<\/li>\n<\/ol>\n<p>Wir sind bestrebt, \u00fcber unser Internet-Angebot zutreffende und vollst\u00e4ndige Informationen anzubieten. Fehlerhafte, ungenaue oder unvollst\u00e4ndige Inhalte k\u00f6nnen dennoch nicht ausgeschlossen werden. F\u00fcr etwaige Sch\u00e4den, die durch die Nutzung der \u00fcber den vorliegenden Internet-Auftritt zur Verf\u00fcgung gestellten Informationen entstehen k\u00f6nnten, haften wir nicht. Dieser Haftungsausschluss gilt nicht bei vors\u00e4tzlichem oder grob fahrl\u00e4ssigem Verschulden unsererseits und nicht f\u00fcr Sch\u00e4den in Gestalt der Verletzung des Lebens, des K\u00f6rpers oder der Gesundheit.<\/p>\n<p>\u200b<\/p>\n<ol start=\"2\">\n<li>Verweise und Links<br \/>Bei direkten oder indirekten Verweisen auf fremde Webseiten (&#8220;Hyperlinks&#8221;), die au\u00dferhalb des Verantwortungsbereiches des Autors liegen, w\u00fcrde eine Haftungsverpflichtung ausschlie\u00dflich in dem Fall in Kraft treten, in dem der Autor von den Inhalten Kenntnis hat und es ihm technisch m\u00f6glich und zumutbar w\u00e4re, die Nutzung im Falle rechtswidriger Inhalte zu verhindern. Der Autor erkl\u00e4rt hiermit ausdr\u00fccklich, dass zum Zeitpunkt der Linksetzung keine illegalen Inhalte auf den zu verlinkenden Seiten erkennbar waren. Auf die aktuelle und zuk\u00fcnftige Gestaltung, die Inhalte oder die Urheberschaft der verlinkten\/verkn\u00fcpften Seiten hat der Autor keinerlei Einfluss. Deshalb distanziert er sich hiermit ausdr\u00fccklich von allen Inhalten aller verlinkten \/verkn\u00fcpften Seiten, die nach der Linksetzung ver\u00e4ndert wurden. Diese Feststellung gilt f\u00fcr alle innerhalb des eigenen Internetangebotes gesetzten Links und Verweise sowie f\u00fcr Fremdeintr\u00e4ge in vom Autor eingerichteten G\u00e4steb\u00fcchern, Diskussionsforen, Linkverzeichnissen, Mailinglisten und in allen anderen Formen von Datenbanken, auf deren Inhalt externe Schreibzugriffe m\u00f6glich sind. F\u00fcr illegale, fehlerhafte oder unvollst\u00e4ndige Inhalte und insbesondere f\u00fcr Sch\u00e4den, die aus der Nutzung oder Nichtnutzung solcherart dargebotener Informationen entstehen, haftet allein der Anbieter der Seite, auf welche verwiesen wurde, nicht derjenige, der \u00fcber Links auf die jeweilige Ver\u00f6ffentlichung lediglich verweist.<\/li>\n<\/ol>\n<p>\u200b<\/p>\n<ol start=\"3\">\n<li>Urheber- und Kennzeichenrecht<br \/>Der Autor ist bestrebt, in allen Publikationen die Urheberrechte der verwendeten Bilder, Grafiken, Tondokumente, Videosequenzen und Texte zu beachten, von ihm selbst erstellte Bilder, Grafiken, Tondokumente, Videosequenzen und Texte zu nutzen oder auf lizenzfreie Grafiken, Tondokumente, Videosequenzen und Texte zur\u00fcckzugreifen. Alle innerhalb des Internetangebotes genannten und ggf. durch Dritte gesch\u00fctzten Marken- und Warenzeichen unterliegen uneingeschr\u00e4nkt den Bestimmungen des jeweils g\u00fcltigen Kennzeichenrechts und den Besitzrechten der jeweiligen eingetragenen Eigent\u00fcmer. Allein aufgrund der blo\u00dfen Nennung ist nicht der Schluss zu ziehen, dass Markenzeichen nicht durch Rechte Dritter gesch\u00fctzt sind! Das Copyright f\u00fcr ver\u00f6ffentlichte, vom Autor selbst erstellte Objekte bleibt allein beim Autor der Seiten. Eine Vervielf\u00e4ltigung oder Verwendung solcher Grafiken, Tondokumente, Videosequenzen und Texte in anderen elektronischen oder gedruckten Publikationen ist ohne ausdr\u00fcckliche Zustimmung des Autors nicht gestattet.<\/li>\n<\/ol>\n<p>\u200b<\/p>\n<ol start=\"4\">\n<li>Datenschutz<br \/>Sofern innerhalb des Internetangebotes die M\u00f6glichkeit zur Eingabe pers\u00f6nlicher oder gesch\u00e4ftlicher Daten (Emailadressen, Namen, Anschriften) besteht, so erfolgt die Preisgabe dieser Daten seitens des Nutzers auf ausdr\u00fccklich freiwilliger Basis. Die Inanspruchnahme und Bezahlung aller angebotenen Dienste ist &#8211; soweit technisch m\u00f6glich und zumutbar &#8211; auch ohne Angabe solcher Daten bzw. unter Angabe anonymisierter Daten oder eines Pseudonyms gestattet. Die Nutzung der im Rahmen des Impressums oder vergleichbarer Angaben ver\u00f6ffentlichten Kontaktdaten wie Postanschriften, Telefon- und Faxnummern sowie Emailadressen durch Dritte zur \u00dcbersendung von nicht ausdr\u00fccklich angeforderten Informationen ist nicht gestattet. Rechtliche Schritte gegen die Versender von sogenannten Spam-Mails bei Verst\u00f6ssen gegen dieses Verbot sind ausdr\u00fccklich vorbehalten.<\/li>\n<\/ol>\n<p>\u200b<\/p>\n<\/div><\/section>\n","protected":false},"excerpt":{"rendered":"","protected":false},"author":2,"featured_media":0,"parent":0,"menu_order":0,"comment_status":"closed","ping_status":"closed","template":"","meta":{"footnotes":""},"class_list":["post-580","page","type-page","status-publish","hentry"],"_links":{"self":[{"href":"https:\/\/lyatoshynskytrio.com\/en\/wp-json\/wp\/v2\/pages\/580","targetHints":{"allow":["GET"]}}],"collection":[{"href":"https:\/\/lyatoshynskytrio.com\/en\/wp-json\/wp\/v2\/pages"}],"about":[{"href":"https:\/\/lyatoshynskytrio.com\/en\/wp-json\/wp\/v2\/types\/page"}],"author":[{"embeddable":true,"href":"https:\/\/lyatoshynskytrio.com\/en\/wp-json\/wp\/v2\/users\/2"}],"replies":[{"embeddable":true,"href":"https:\/\/lyatoshynskytrio.com\/en\/wp-json\/wp\/v2\/comments?post=580"}],"version-history":[{"count":4,"href":"https:\/\/lyatoshynskytrio.com\/en\/wp-json\/wp\/v2\/pages\/580\/revisions"}],"predecessor-version":[{"id":1391,"href":"https:\/\/lyatoshynskytrio.com\/en\/wp-json\/wp\/v2\/pages\/580\/revisions\/1391"}],"wp:attachment":[{"href":"https:\/\/lyatoshynskytrio.com\/en\/wp-json\/wp\/v2\/media?parent=580"}],"curies":[{"name":"wp","href":"https:\/\/api.w.org\/{rel}","templated":true}]}}